{"id":102,"date":"2023-03-07T19:08:44","date_gmt":"2023-03-07T18:08:44","guid":{"rendered":"https:\/\/easp.es\/info\/essa\/?page_id=102"},"modified":"2024-05-09T19:43:21","modified_gmt":"2024-05-09T18:43:21","slug":"el-proyecto","status":"publish","type":"page","link":"https:\/\/easp.es\/info\/essa\/el-proyecto\/","title":{"rendered":"El proyecto"},"content":{"rendered":"\t\t<div data-elementor-type=\"wp-page\" data-elementor-id=\"102\" class=\"elementor elementor-102\">\n\t\t\t\t\t\t<section class=\"elementor-section elementor-top-section elementor-element elementor-element-1835dc6 elementor-section-boxed elementor-section-height-default elementor-section-height-default\" data-id=\"1835dc6\" data-element_type=\"section\" data-e-type=\"section\" data-settings=\"{&quot;jet_parallax_layout_list&quot;:[]}\">\n\t\t\t\t\t\t<div class=\"elementor-container elementor-column-gap-default\">\n\t\t\t\t\t<div class=\"elementor-column elementor-col-100 elementor-top-column elementor-element elementor-element-bec85e2\" data-id=\"bec85e2\" data-element_type=\"column\" data-e-type=\"column\">\n\t\t\t<div class=\"elementor-widget-wrap elementor-element-populated\">\n\t\t\t\t\t\t<div class=\"elementor-element elementor-element-346fc71 elementor-widget elementor-widget-text-editor\" data-id=\"346fc71\" data-element_type=\"widget\" data-e-type=\"widget\" data-widget_type=\"text-editor.default\">\n\t\t\t\t<div class=\"elementor-widget-container\">\n\t\t\t\t\t\t\t\t\t<p>En abril de 2020 el Instituto de Estad\u00edstica y Cartograf\u00eda de Andaluc\u00eda (IECA) y la Escuela Andaluza de Salud P\u00fablica (EASP) pusieron en marcha la Encuesta Sanitaria y Social de Andaluc\u00eda (ESSA) con el objetivo recoger informaci\u00f3n sobre caracter\u00edsticas y evoluci\u00f3n del impacto sanitario y social de la COVID-19 en la poblaci\u00f3n general andaluza y en aquella m\u00e1s desfavorecida.<\/p><p>Esta encuesta la adaptamos al contexto de la COVID-19 en cuanto a la poblaci\u00f3n de estudio (poblaci\u00f3n vulnerable, adem\u00e1s de la general), al m\u00e9todo de recogida (telef\u00f3nico en vez de cara a cara), al dise\u00f1o muestral (paneles superpuestos para disponer de estimaciones precisas tanto transversales como longitudinales), y al cuestionario (bloques espec\u00edficos sobre confinamiento, la enfermedad de la COVID-19 y su impacto socioecon\u00f3mico y en salud).<\/p><p>Siguiendo a Lazarus et al. en su estudio \u2018A multinational Delphi consensus to\u00a0end the COVID-19 public health threat\u2019 publicado en Nature [1] , esperamos que la informaci\u00f3n generada sea de utilidad para contribuir a reducir las amenazas que suponen pandemias como la COVID-19 para la Salud P\u00fablica ya que mide determinantes sociales de la salud, presta especial atenci\u00f3n a grupos vulnerables, dispone de cohortes longitudinales amplias en tama\u00f1o y duraci\u00f3n, y aborda desde su dise\u00f1o hasta los an\u00e1lisis las desigualdades en salud preexistentes<\/p><p>Como se muestra en la figura, en abril de 2020 realizamos la 1\u00aa medici\u00f3n a poblaci\u00f3n general andaluza mayor de 16 a\u00f1os (ESSAgeneral), en mayo la 2\u00aa (al mes de la 1\u00aa entrevista), en octubre la 3\u00aa (a los 6 meses), y la 4\u00aa en abril de 2021 (a los 12 meses). Adem\u00e1s, realizamos otras dos mediciones en octubre de 2020 a personas mayores de 55 a\u00f1os usuarias de centros Guadalinfo (ESSA+55) y en diciembre de 2021 a poblaci\u00f3n residente en zonas desfavorecidas de Andaluc\u00eda (ESSAzonas). Para finalizar la serie de mediciones previstas, en mayo de 2023 se realiza la 5\u00aa medici\u00f3n de la ESSAgeneral y la 2\u00aa de la ESSAzonas.<\/p>\t\t\t\t\t\t\t\t<\/div>\n\t\t\t\t<\/div>\n\t\t\t\t<div class=\"elementor-element elementor-element-587ed98 elementor-widget__width-initial elementor-widget elementor-widget-image\" data-id=\"587ed98\" data-element_type=\"widget\" data-e-type=\"widget\" data-widget_type=\"image.default\">\n\t\t\t\t<div class=\"elementor-widget-container\">\n\t\t\t\t\t\t\t\t\t\t\t\t\t\t\t\t<a href=\"https:\/\/easp.es\/info\/essa\/wp-content\/uploads\/sites\/4\/2024\/05\/ESSA_Infografia.jpg\" data-elementor-open-lightbox=\"yes\" data-elementor-lightbox-title=\"ESSA_Infografia\" data-e-action-hash=\"#elementor-action%3Aaction%3Dlightbox%26settings%3DeyJpZCI6MTMxMSwidXJsIjoiaHR0cHM6XC9cL2Vhc3AuZXNcL2luZm9cL2Vzc2FcL3dwLWNvbnRlbnRcL3VwbG9hZHNcL3NpdGVzXC80XC8yMDI0XC8wNVwvRVNTQV9JbmZvZ3JhZmlhLmpwZyJ9\">\n\t\t\t\t\t\t\t<img decoding=\"async\" src=\"https:\/\/easp.es\/info\/essa\/wp-content\/uploads\/sites\/4\/elementor\/thumbs\/ESSA_Infografia-qnx4baspiwx9s15t6yro1s0ppqlkewghdh4rqcnbpg.jpg\" title=\"ESSA_Infografia\" alt=\"ESSA Infograf\u00eda\" loading=\"lazy\" \/>\t\t\t\t\t\t\t\t<\/a>\n\t\t\t\t\t\t\t\t\t\t\t\t\t\t\t<\/div>\n\t\t\t\t<\/div>\n\t\t\t\t\t<\/div>\n\t\t<\/div>\n\t\t\t\t\t<\/div>\n\t\t<\/section>\n\t\t\t\t<section class=\"elementor-section elementor-top-section elementor-element elementor-element-16db639 elementor-section-boxed elementor-section-height-default elementor-section-height-default\" data-id=\"16db639\" data-element_type=\"section\" data-e-type=\"section\" data-settings=\"{&quot;jet_parallax_layout_list&quot;:[]}\">\n\t\t\t\t\t\t<div class=\"elementor-container elementor-column-gap-default\">\n\t\t\t\t\t<div class=\"elementor-column elementor-col-100 elementor-top-column elementor-element elementor-element-3e6b515\" data-id=\"3e6b515\" data-element_type=\"column\" data-e-type=\"column\">\n\t\t\t<div class=\"elementor-widget-wrap elementor-element-populated\">\n\t\t\t\t\t\t<div class=\"elementor-element elementor-element-7a8b371 elementor-widget elementor-widget-text-editor\" data-id=\"7a8b371\" data-element_type=\"widget\" data-e-type=\"widget\" data-widget_type=\"text-editor.default\">\n\t\t\t\t<div class=\"elementor-widget-container\">\n\t\t\t\t\t\t\t\t\t<p style=\"text-align: left;\">La 1\u00aa medici\u00f3n se enmarca estad\u00edsticamente en la Encuesta Social de Hogares\u00a0(ESOC) que realiza anualmente el IECA [2] , mientras que las otras mediciones lo\u00a0hacen en la Encuesta Andaluza de Salud que realiza cada 4 a\u00f1os la EASP [3] . Ambas encuestas son operaciones estad\u00edsticas oficiales del Plan Estad\u00edstico y\u00a0Cartogr\u00e1fico de Andaluc\u00eda 2013-2020 [4].<\/p><p>La <span style=\"text-decoration: underline;\"><strong>financiaci\u00f3n<\/strong><\/span> recibida para la realizaci\u00f3n de la ESSAgeneral es p\u00fablica a partir de fondos propios del IECA para la 1\u00aa medici\u00f3n y de la EASP para la 2\u00aa, y privada a partir de las convocatorias competitivas de investigaci\u00f3n SUPERA COVID 19 (CRUE, CSIC y Banco de Santander como organismo financiador) para la 3\u00aa y PFIZER para la 4\u00aa, as\u00ed como para la 1\u00aa de la ESSAzonas. En estas \u00faltimas mediciones se suman al equipo la colaboraci\u00f3n de la Universidad de Granada (UGR) y de la Universidad de Girona (UdG). En cuanto a la ESSA+55, esta fue financiada con fondos propios de la Fundaci\u00f3n Fernando de los R\u00edos a trav\u00e9s de Guadalinfo y del convenio establecido con la EASP. En cuanto a la 5\u00aa medici\u00f3n de la ESSAgeneral y la 2\u00aa de la ESSAzonas, la financiaci\u00f3n es a trav\u00e9s del Contrato Programa de la EASP con la Consejer\u00eda de Salud y Consumo de la Junta de Andaluc\u00eda.<\/p>\t\t\t\t\t\t\t\t<\/div>\n\t\t\t\t<\/div>\n\t\t\t\t\t<\/div>\n\t\t<\/div>\n\t\t\t\t\t<\/div>\n\t\t<\/section>\n\t\t\t\t<section class=\"elementor-section elementor-top-section elementor-element elementor-element-a53f914 elementor-section-boxed elementor-section-height-default elementor-section-height-default\" data-id=\"a53f914\" data-element_type=\"section\" data-e-type=\"section\" data-settings=\"{&quot;jet_parallax_layout_list&quot;:[]}\">\n\t\t\t\t\t\t<div class=\"elementor-container elementor-column-gap-default\">\n\t\t\t\t\t<div class=\"elementor-column elementor-col-100 elementor-top-column elementor-element elementor-element-6146b1f\" data-id=\"6146b1f\" data-element_type=\"column\" data-e-type=\"column\" data-settings=\"{&quot;background_background&quot;:&quot;classic&quot;}\">\n\t\t\t<div class=\"elementor-widget-wrap elementor-element-populated\">\n\t\t\t\t\t\t<div class=\"elementor-element elementor-element-b898d05 elementor-widget elementor-widget-text-editor\" data-id=\"b898d05\" data-element_type=\"widget\" data-e-type=\"widget\" data-widget_type=\"text-editor.default\">\n\t\t\t\t<div class=\"elementor-widget-container\">\n\t\t\t\t\t\t\t\t\t<p>[1] Lazarus, J.V., Romero, D., Kopka, C.J. et al. A multinational Delphi consensus to end the COVID-19 public health threat. Nature (3 nov 2022). Disponible en:<a href=\"https:\/\/www.nature.com\/articles\/s41586-022-05398-2\"> https:\/\/www.nature.com\/articles\/s41586-022-05398-2<\/a><\/p><p>[2] Disponible en: <a href=\"https:\/\/www.juntadeandalucia.es\/institutodeestadisticaycartografia\/encsocial\/2020\/index.htm\">Instituto de Estad\u00edstica y Cartograf\u00eda de Andaluc\u00eda. Encuesta Social 2020. H\u00e1bitos y Condiciones de Vida de la Poblaci\u00f3n Andaluza Durante el Estado de Alarma<\/a><\/p><p>[3] Disponible en: <a href=\"https:\/\/www.easp.es\/info\/eas\" target=\"_blank\" rel=\"noopener\">Encuesta Andaluza de Salud<\/a><\/p><p>[4] Disponible en: <a href=\"https:\/\/www.juntadeandalucia.es\/eboja\/2023\/187\/s51.html\" target=\"_blank\" rel=\"noopener\">Plan Estad\u00edstico y Cartogr\u00e1fico de Andaluc\u00eda 2023-2029.<\/a><\/p>\t\t\t\t\t\t\t\t<\/div>\n\t\t\t\t<\/div>\n\t\t\t\t\t<\/div>\n\t\t<\/div>\n\t\t\t\t\t<\/div>\n\t\t<\/section>\n\t\t\t\t<\/div>\n\t\t","protected":false},"excerpt":{"rendered":"<p>En abril de 2020 el Instituto de Estad\u00edstica y Cartograf\u00eda de Andaluc\u00eda (IECA) y la Escuela Andaluza de Salud P\u00fablica (EASP) pusieron en marcha la Encuesta Sanitaria y Social de Andaluc\u00eda (ESSA) con el objetivo recoger informaci\u00f3n sobre caracter\u00edsticas y evoluci\u00f3n del impacto sanitario y social de la COVID-19 en la poblaci\u00f3n general andaluza y [&hellip;]<\/p>\n","protected":false},"author":4,"featured_media":0,"parent":0,"menu_order":0,"comment_status":"closed","ping_status":"closed","template":"","meta":{"footnotes":""},"class_list":["post-102","page","type-page","status-publish","hentry"],"_links":{"self":[{"href":"https:\/\/easp.es\/info\/essa\/wp-json\/wp\/v2\/pages\/102","targetHints":{"allow":["GET"]}}],"collection":[{"href":"https:\/\/easp.es\/info\/essa\/wp-json\/wp\/v2\/pages"}],"about":[{"href":"https:\/\/easp.es\/info\/essa\/wp-json\/wp\/v2\/types\/page"}],"author":[{"embeddable":true,"href":"https:\/\/easp.es\/info\/essa\/wp-json\/wp\/v2\/users\/4"}],"replies":[{"embeddable":true,"href":"https:\/\/easp.es\/info\/essa\/wp-json\/wp\/v2\/comments?post=102"}],"version-history":[{"count":61,"href":"https:\/\/easp.es\/info\/essa\/wp-json\/wp\/v2\/pages\/102\/revisions"}],"predecessor-version":[{"id":1314,"href":"https:\/\/easp.es\/info\/essa\/wp-json\/wp\/v2\/pages\/102\/revisions\/1314"}],"wp:attachment":[{"href":"https:\/\/easp.es\/info\/essa\/wp-json\/wp\/v2\/media?parent=102"}],"curies":[{"name":"wp","href":"https:\/\/api.w.org\/{rel}","templated":true}]}}